{"id":12267,"date":"2024-02-29T11:46:33","date_gmt":"2024-02-29T10:46:33","guid":{"rendered":"https:\/\/www.nalsmargreid.com\/visit-the-cellar\/"},"modified":"2024-08-01T17:30:34","modified_gmt":"2024-08-01T15:30:34","slug":"fuhrung-und-verkostung","status":"publish","type":"page","link":"https:\/\/www.nalsmargreid.com\/de\/fuhrung-und-verkostung\/","title":{"rendered":"F\u00fchrung und Verkostung"},"content":{"rendered":"\n<product-details-widget widget-id=\"19a67c99-cac7-4da8-94cf-f1a885ae0055\"><\/product-details-widget>\n\n\n\n<div style=\"height:50px\" aria-hidden=\"true\" class=\"wp-block-spacer\"><\/div>\n\n\n\n<h3 class=\"wp-block-heading\">Informationsanfrage<\/h3>\n\n\n\n<p>Kontaktieren Sie uns f\u00fcr Besichtigungen und Verkostungen au\u00dferhalb unseres regul\u00e4ren Angebots. Wir werden so schnell wie m\u00f6glich antworten.<\/p>\n\n\n\n<div class=\"wpcf7 no-js\" id=\"wpcf7-f13412-o1\" lang=\"de-DE\" dir=\"ltr\" data-wpcf7-id=\"13412\">\n<div class=\"screen-reader-response\"><p role=\"status\" aria-live=\"polite\" aria-atomic=\"true\"><\/p> <ul><\/ul><\/div>\n<form action=\"\/de\/wp-json\/wp\/v2\/pages\/12267#wpcf7-f13412-o1\" method=\"post\" class=\"wpcf7-form init\" aria-label=\"Kontaktformular\" novalidate=\"novalidate\" data-status=\"init\">\n<fieldset class=\"hidden-fields-container\"><input type=\"hidden\" name=\"_wpcf7\" value=\"13412\" \/><input type=\"hidden\" name=\"_wpcf7_version\" value=\"6.1.5\" \/><input type=\"hidden\" name=\"_wpcf7_locale\" value=\"de_DE\" \/><input type=\"hidden\" name=\"_wpcf7_unit_tag\" value=\"wpcf7-f13412-o1\" \/><input type=\"hidden\" name=\"_wpcf7_container_post\" value=\"0\" \/><input type=\"hidden\" name=\"_wpcf7_posted_data_hash\" value=\"\" \/><input type=\"hidden\" name=\"_wpcf7_recaptcha_response\" value=\"\" \/>\n<\/fieldset>\n<div class=\"flex-form\">\n\t<p><label><span>Name*<\/span><span class=\"wpcf7-form-control-wrap\" data-name=\"your-nome\"><input size=\"40\" maxlength=\"400\" class=\"wpcf7-form-control wpcf7-text wpcf7-validates-as-required\" aria-required=\"true\" aria-invalid=\"false\" placeholder=\"Geben Sie Ihren Namen ein\" value=\"\" type=\"text\" name=\"your-nome\" \/><\/span><\/label><label><span>Nachname*<\/span><span class=\"wpcf7-form-control-wrap\" data-name=\"your-cognome\"><input size=\"40\" maxlength=\"400\" class=\"wpcf7-form-control wpcf7-text wpcf7-validates-as-required\" aria-required=\"true\" aria-invalid=\"false\" placeholder=\"Geben Sie Ihren Nachnamen ein\" value=\"\" type=\"text\" name=\"your-cognome\" \/><\/span><\/label><label><span>Telefon*<\/span><span class=\"wpcf7-form-control-wrap\" data-name=\"your-telefono\"><input size=\"40\" maxlength=\"400\" class=\"wpcf7-form-control wpcf7-text wpcf7-validates-as-required\" aria-required=\"true\" aria-invalid=\"false\" placeholder=\"Geben Sie Ihre Telefonnummer ein\" value=\"\" type=\"text\" name=\"your-telefono\" \/><\/span> <\/label><label><span>Email*<\/span><span class=\"wpcf7-form-control-wrap\" data-name=\"your-email\"><input size=\"40\" maxlength=\"400\" class=\"wpcf7-form-control wpcf7-text wpcf7-validates-as-required\" aria-required=\"true\" aria-invalid=\"false\" placeholder=\"Geben Sie Ihre Email-Adresse ein\" value=\"\" type=\"text\" name=\"your-email\" \/><\/span><\/label><label><span>Tag des Besuchs*<\/span><span class=\"wpcf7-form-control-wrap\" data-name=\"data-prenotazione\"><input class=\"wpcf7-form-control wpcf7-date wpcf7-validates-as-required wpcf7-validates-as-date\" aria-required=\"true\" aria-invalid=\"false\" value=\"\" type=\"date\" name=\"data-prenotazione\" \/><\/span><\/label><label><span>Anzahl der Teilnehmer*<\/span><span class=\"wpcf7-form-control-wrap\" data-name=\"numero-partecipanti\"><input class=\"wpcf7-form-control wpcf7-number wpcf7-validates-as-required wpcf7-validates-as-number\" aria-required=\"true\" aria-invalid=\"false\" placeholder=\"0\" value=\"\" type=\"number\" name=\"numero-partecipanti\" \/><\/span><\/label><label class=\"flex-form--100\"><span>Nachricht*<\/span><span class=\"wpcf7-form-control-wrap\" data-name=\"your-messaggio\"><textarea cols=\"40\" rows=\"10\" maxlength=\"2000\" class=\"wpcf7-form-control wpcf7-textarea wpcf7-validates-as-required\" aria-required=\"true\" aria-invalid=\"false\" placeholder=\"Schreiben Sie Ihre Nachricht\" name=\"your-messaggio\"><\/textarea><\/span> <\/label><label class=\"flex-form--100 flex-form--privacy\"><span class=\"wpcf7-form-control-wrap\" data-name=\"acceptance-privacy\"><span class=\"wpcf7-form-control wpcf7-acceptance\"><span class=\"wpcf7-list-item\"><input type=\"checkbox\" name=\"acceptance-privacy\" value=\"1\" aria-invalid=\"false\" \/><\/span><\/span><\/span> Nach Durchsicht dieser Datenschutzerkl\u00e4rung stimme ich der Verarbeitung der mitgeteilten personenbezogenen Daten zu*<\/label>\n\t<input class=\"wpcf7-form-control wpcf7-hidden\" value=\"Deutsch\" type=\"hidden\" name=\"lang\" \/><label class=\"flex-form--100\"><input class=\"wpcf7-form-control wpcf7-submit has-spinner\" type=\"submit\" value=\"ANFRAGE SENDEN\" \/><\/label><label class=\"flex-form--100 flex-form--privacy\">*Pflichtfeld<\/label>\n\t<\/p>\n<\/div><div class=\"wpcf7-response-output\" aria-hidden=\"true\"><\/div>\n<\/form>\n<\/div>\n\n","protected":false},"excerpt":{"rendered":"<p>Informationsanfrage Kontaktieren Sie uns f\u00fcr Besichtigungen und Verkostungen au\u00dferhalb unseres regul\u00e4ren Angebots. Wir werden so schnell wie m\u00f6glich antworten.<\/p>\n","protected":false},"author":1,"featured_media":1008,"parent":0,"menu_order":0,"comment_status":"closed","ping_status":"closed","template":"template\/events.php","meta":{"_acf_changed":false,"footnotes":""},"class_list":["post-12267","page","type-page","status-publish","has-post-thumbnail","hentry"],"acf":[],"yoast_head":"<!-- This site is optimized with the Yoast SEO plugin v23.1 - https:\/\/yoast.com\/wordpress\/plugins\/seo\/ -->\n<title>F\u00fchrung und Verkostung - Nals Margreid<\/title>\n<meta name=\"robots\" content=\"noindex, nofollow\" \/>\n<meta property=\"og:locale\" content=\"de_DE\" \/>\n<meta property=\"og:type\" content=\"article\" \/>\n<meta property=\"og:title\" content=\"F\u00fchrung und Verkostung - Nals Margreid\" \/>\n<meta property=\"og:description\" content=\"Informationsanfrage Kontaktieren Sie uns f\u00fcr Besichtigungen und Verkostungen au\u00dferhalb unseres regul\u00e4ren Angebots. Wir werden so schnell wie m\u00f6glich antworten.\" \/>\n<meta property=\"og:url\" content=\"https:\/\/www.nalsmargreid.com\/de\/fuhrung-und-verkostung\/\" \/>\n<meta property=\"og:site_name\" content=\"Nals Margreid\" \/>\n<meta property=\"article:modified_time\" content=\"2024-08-01T15:30:34+00:00\" \/>\n<meta property=\"og:image\" content=\"https:\/\/www.nalsmargreid.com\/wp-content\/uploads\/2021\/07\/Winery-Header-1024x699.png\" \/>\n\t<meta property=\"og:image:width\" content=\"1024\" \/>\n\t<meta property=\"og:image:height\" content=\"699\" \/>\n\t<meta property=\"og:image:type\" content=\"image\/png\" \/>\n<meta name=\"twitter:card\" content=\"summary_large_image\" \/>\n<meta name=\"twitter:label1\" content=\"Gesch\u00e4tzte Lesezeit\" \/>\n\t<meta name=\"twitter:data1\" content=\"1\u00a0Minute\" \/>\n<script type=\"application\/ld+json\" class=\"yoast-schema-graph\">{\"@context\":\"https:\/\/schema.org\",\"@graph\":[{\"@type\":\"WebPage\",\"@id\":\"https:\/\/www.nalsmargreid.com\/de\/fuhrung-und-verkostung\/\",\"url\":\"https:\/\/www.nalsmargreid.com\/de\/fuhrung-und-verkostung\/\",\"name\":\"F\u00fchrung und Verkostung - Nals Margreid\",\"isPartOf\":{\"@id\":\"https:\/\/www.nalsmargreid.com\/de\/#website\"},\"primaryImageOfPage\":{\"@id\":\"https:\/\/www.nalsmargreid.com\/de\/fuhrung-und-verkostung\/#primaryimage\"},\"image\":{\"@id\":\"https:\/\/www.nalsmargreid.com\/de\/fuhrung-und-verkostung\/#primaryimage\"},\"thumbnailUrl\":\"https:\/\/www.nalsmargreid.com\/wp-content\/uploads\/2021\/07\/Winery-Header.png\",\"datePublished\":\"2024-02-29T10:46:33+00:00\",\"dateModified\":\"2024-08-01T15:30:34+00:00\",\"breadcrumb\":{\"@id\":\"https:\/\/www.nalsmargreid.com\/de\/fuhrung-und-verkostung\/#breadcrumb\"},\"inLanguage\":\"de\",\"potentialAction\":[{\"@type\":\"ReadAction\",\"target\":[\"https:\/\/www.nalsmargreid.com\/de\/fuhrung-und-verkostung\/\"]}]},{\"@type\":\"ImageObject\",\"inLanguage\":\"de\",\"@id\":\"https:\/\/www.nalsmargreid.com\/de\/fuhrung-und-verkostung\/#primaryimage\",\"url\":\"https:\/\/www.nalsmargreid.com\/wp-content\/uploads\/2021\/07\/Winery-Header.png\",\"contentUrl\":\"https:\/\/www.nalsmargreid.com\/wp-content\/uploads\/2021\/07\/Winery-Header.png\",\"width\":1583,\"height\":1080},{\"@type\":\"BreadcrumbList\",\"@id\":\"https:\/\/www.nalsmargreid.com\/de\/fuhrung-und-verkostung\/#breadcrumb\",\"itemListElement\":[{\"@type\":\"ListItem\",\"position\":1,\"name\":\"Startseite\",\"item\":\"https:\/\/www.nalsmargreid.com\/de\/\"},{\"@type\":\"ListItem\",\"position\":2,\"name\":\"F\u00fchrung und Verkostung\"}]},{\"@type\":\"WebSite\",\"@id\":\"https:\/\/www.nalsmargreid.com\/de\/#website\",\"url\":\"https:\/\/www.nalsmargreid.com\/de\/\",\"name\":\"Nals Margreid\",\"description\":\"\",\"potentialAction\":[{\"@type\":\"SearchAction\",\"target\":{\"@type\":\"EntryPoint\",\"urlTemplate\":\"https:\/\/www.nalsmargreid.com\/de\/?s={search_term_string}\"},\"query-input\":\"required name=search_term_string\"}],\"inLanguage\":\"de\"}]}<\/script>\n<!-- \/ Yoast SEO plugin. -->","yoast_head_json":{"title":"F\u00fchrung und Verkostung - Nals Margreid","robots":{"index":"noindex","follow":"nofollow"},"og_locale":"de_DE","og_type":"article","og_title":"F\u00fchrung und Verkostung - Nals Margreid","og_description":"Informationsanfrage Kontaktieren Sie uns f\u00fcr Besichtigungen und Verkostungen au\u00dferhalb unseres regul\u00e4ren Angebots. Wir werden so schnell wie m\u00f6glich antworten.","og_url":"https:\/\/www.nalsmargreid.com\/de\/fuhrung-und-verkostung\/","og_site_name":"Nals Margreid","article_modified_time":"2024-08-01T15:30:34+00:00","og_image":[{"width":1024,"height":699,"url":"https:\/\/www.nalsmargreid.com\/wp-content\/uploads\/2021\/07\/Winery-Header-1024x699.png","type":"image\/png"}],"twitter_card":"summary_large_image","twitter_misc":{"Gesch\u00e4tzte Lesezeit":"1\u00a0Minute"},"schema":{"@context":"https:\/\/schema.org","@graph":[{"@type":"WebPage","@id":"https:\/\/www.nalsmargreid.com\/de\/fuhrung-und-verkostung\/","url":"https:\/\/www.nalsmargreid.com\/de\/fuhrung-und-verkostung\/","name":"F\u00fchrung und Verkostung - Nals Margreid","isPartOf":{"@id":"https:\/\/www.nalsmargreid.com\/de\/#website"},"primaryImageOfPage":{"@id":"https:\/\/www.nalsmargreid.com\/de\/fuhrung-und-verkostung\/#primaryimage"},"image":{"@id":"https:\/\/www.nalsmargreid.com\/de\/fuhrung-und-verkostung\/#primaryimage"},"thumbnailUrl":"https:\/\/www.nalsmargreid.com\/wp-content\/uploads\/2021\/07\/Winery-Header.png","datePublished":"2024-02-29T10:46:33+00:00","dateModified":"2024-08-01T15:30:34+00:00","breadcrumb":{"@id":"https:\/\/www.nalsmargreid.com\/de\/fuhrung-und-verkostung\/#breadcrumb"},"inLanguage":"de","potentialAction":[{"@type":"ReadAction","target":["https:\/\/www.nalsmargreid.com\/de\/fuhrung-und-verkostung\/"]}]},{"@type":"ImageObject","inLanguage":"de","@id":"https:\/\/www.nalsmargreid.com\/de\/fuhrung-und-verkostung\/#primaryimage","url":"https:\/\/www.nalsmargreid.com\/wp-content\/uploads\/2021\/07\/Winery-Header.png","contentUrl":"https:\/\/www.nalsmargreid.com\/wp-content\/uploads\/2021\/07\/Winery-Header.png","width":1583,"height":1080},{"@type":"BreadcrumbList","@id":"https:\/\/www.nalsmargreid.com\/de\/fuhrung-und-verkostung\/#breadcrumb","itemListElement":[{"@type":"ListItem","position":1,"name":"Startseite","item":"https:\/\/www.nalsmargreid.com\/de\/"},{"@type":"ListItem","position":2,"name":"F\u00fchrung und Verkostung"}]},{"@type":"WebSite","@id":"https:\/\/www.nalsmargreid.com\/de\/#website","url":"https:\/\/www.nalsmargreid.com\/de\/","name":"Nals Margreid","description":"","potentialAction":[{"@type":"SearchAction","target":{"@type":"EntryPoint","urlTemplate":"https:\/\/www.nalsmargreid.com\/de\/?s={search_term_string}"},"query-input":"required name=search_term_string"}],"inLanguage":"de"}]}},"_links":{"self":[{"href":"https:\/\/www.nalsmargreid.com\/de\/wp-json\/wp\/v2\/pages\/12267","targetHints":{"allow":["GET"]}}],"collection":[{"href":"https:\/\/www.nalsmargreid.com\/de\/wp-json\/wp\/v2\/pages"}],"about":[{"href":"https:\/\/www.nalsmargreid.com\/de\/wp-json\/wp\/v2\/types\/page"}],"author":[{"embeddable":true,"href":"https:\/\/www.nalsmargreid.com\/de\/wp-json\/wp\/v2\/users\/1"}],"replies":[{"embeddable":true,"href":"https:\/\/www.nalsmargreid.com\/de\/wp-json\/wp\/v2\/comments?post=12267"}],"version-history":[{"count":8,"href":"https:\/\/www.nalsmargreid.com\/de\/wp-json\/wp\/v2\/pages\/12267\/revisions"}],"predecessor-version":[{"id":13473,"href":"https:\/\/www.nalsmargreid.com\/de\/wp-json\/wp\/v2\/pages\/12267\/revisions\/13473"}],"wp:featuredmedia":[{"embeddable":true,"href":"https:\/\/www.nalsmargreid.com\/de\/wp-json\/wp\/v2\/media\/1008"}],"wp:attachment":[{"href":"https:\/\/www.nalsmargreid.com\/de\/wp-json\/wp\/v2\/media?parent=12267"}],"curies":[{"name":"wp","href":"https:\/\/api.w.org\/{rel}","templated":true}]}}